{"id":410,"date":"2023-09-18T06:49:31","date_gmt":"2023-09-18T09:49:31","guid":{"rendered":"https:\/\/sigmafloripa.com.br\/?page_id=410"},"modified":"2023-09-18T07:44:20","modified_gmt":"2023-09-18T10:44:20","slug":"portas-em-acm","status":"publish","type":"page","link":"https:\/\/sigmafloripa.com.br\/index.php\/portas-em-acm\/","title":{"rendered":"Portas em ACM"},"content":{"rendered":"\t\t<div data-elementor-type=\"wp-page\" data-elementor-id=\"410\" class=\"elementor elementor-410\" data-elementor-post-type=\"page\">\n\t\t\t\t\t\t<section class=\"elementor-section elementor-top-section elementor-element elementor-element-054e570 elementor-section-boxed elementor-section-height-default elementor-section-height-default\" data-id=\"054e570\" data-element_type=\"section\" data-e-type=\"section\">\n\t\t\t\t\t\t<div class=\"elementor-container elementor-column-gap-default\">\n\t\t\t\t\t<div class=\"elementor-column elementor-col-25 elementor-top-column elementor-element elementor-element-dd4c89b\" data-id=\"dd4c89b\" data-element_type=\"column\" data-e-type=\"column\">\n\t\t\t<div class=\"elementor-widget-wrap elementor-element-populated\">\n\t\t\t\t\t\t<div class=\"elementor-element elementor-element-18cd48c elementor-widget elementor-widget-text-editor\" data-id=\"18cd48c\" data-element_type=\"widget\" data-e-type=\"widget\" data-widget_type=\"text-editor.default\">\n\t\t\t\t<div class=\"elementor-widget-container\">\n\t\t\t\t\t\t\t\t\t<p>RECEBA ELOGIOS DESDE A ENTRADA\u2026<\/p>\n<p>Queremos transformar sua entrada em um espet\u00e1culo de eleg\u00e2ncia e durabilidade.&nbsp;<\/p><p>As portas pivotantes t\u00eam sido a escolha favorita de clientes exigentes por mais de duas d\u00e9cadas no Brasil.&nbsp;<\/p><p>Descubra como podemos tornar o seu projeto ainda mais especial.<\/p>\t\t\t\t\t\t\t\t<\/div>\n\t\t\t\t<\/div>\n\t\t\t\t\t<\/div>\n\t\t<\/div>\n\t\t\t\t<div class=\"elementor-column elementor-col-25 elementor-top-column elementor-element elementor-element-1e205ff\" data-id=\"1e205ff\" data-element_type=\"column\" data-e-type=\"column\">\n\t\t\t<div class=\"elementor-widget-wrap elementor-element-populated\">\n\t\t\t\t\t\t<div class=\"elementor-element elementor-element-9b1a1bb elementor-widget elementor-widget-image\" data-id=\"9b1a1bb\" data-element_type=\"widget\" data-e-type=\"widget\" data-widget_type=\"image.default\">\n\t\t\t\t<div class=\"elementor-widget-container\">\n\t\t\t\t\t\t\t\t\t\t\t\t\t\t\t<img fetchpriority=\"high\" decoding=\"async\" width=\"400\" height=\"500\" src=\"https:\/\/sigmafloripa.com.br\/wp-content\/uploads\/2023\/09\/Porta-Pivotante-ACM-PRO-37373-wood-Castanha.jpg\" class=\"attachment-large size-large wp-image-412\" alt=\"Porta pivotante ACM\" srcset=\"https:\/\/sigmafloripa.com.br\/wp-content\/uploads\/2023\/09\/Porta-Pivotante-ACM-PRO-37373-wood-Castanha.jpg 400w, https:\/\/sigmafloripa.com.br\/wp-content\/uploads\/2023\/09\/Porta-Pivotante-ACM-PRO-37373-wood-Castanha-240x300.jpg 240w\" sizes=\"(max-width: 400px) 100vw, 400px\" \/>\t\t\t\t\t\t\t\t\t\t\t\t\t\t\t<\/div>\n\t\t\t\t<\/div>\n\t\t\t\t\t<\/div>\n\t\t<\/div>\n\t\t\t\t<div class=\"elementor-column elementor-col-25 elementor-top-column elementor-element elementor-element-009d849\" data-id=\"009d849\" data-element_type=\"column\" data-e-type=\"column\">\n\t\t\t<div class=\"elementor-widget-wrap elementor-element-populated\">\n\t\t\t\t\t\t<div class=\"elementor-element elementor-element-213ad70 elementor-widget elementor-widget-image\" data-id=\"213ad70\" data-element_type=\"widget\" data-e-type=\"widget\" data-widget_type=\"image.default\">\n\t\t\t\t<div class=\"elementor-widget-container\">\n\t\t\t\t\t\t\t\t\t\t\t\t\t\t\t<img decoding=\"async\" width=\"400\" height=\"500\" src=\"https:\/\/sigmafloripa.com.br\/wp-content\/uploads\/2023\/09\/3.jpg\" class=\"attachment-large size-large wp-image-415\" alt=\"\" srcset=\"https:\/\/sigmafloripa.com.br\/wp-content\/uploads\/2023\/09\/3.jpg 400w, https:\/\/sigmafloripa.com.br\/wp-content\/uploads\/2023\/09\/3-240x300.jpg 240w\" sizes=\"(max-width: 400px) 100vw, 400px\" \/>\t\t\t\t\t\t\t\t\t\t\t\t\t\t\t<\/div>\n\t\t\t\t<\/div>\n\t\t\t\t\t<\/div>\n\t\t<\/div>\n\t\t\t\t<div class=\"elementor-column elementor-col-25 elementor-top-column elementor-element elementor-element-a40f8dd\" data-id=\"a40f8dd\" data-element_type=\"column\" data-e-type=\"column\">\n\t\t\t<div class=\"elementor-widget-wrap elementor-element-populated\">\n\t\t\t\t\t\t<div class=\"elementor-element elementor-element-2f392b9 elementor-widget elementor-widget-image\" data-id=\"2f392b9\" data-element_type=\"widget\" data-e-type=\"widget\" data-widget_type=\"image.default\">\n\t\t\t\t<div class=\"elementor-widget-container\">\n\t\t\t\t\t\t\t\t\t\t\t\t\t\t\t<img decoding=\"async\" width=\"400\" height=\"500\" src=\"https:\/\/sigmafloripa.com.br\/wp-content\/uploads\/2023\/09\/1.jpg\" class=\"attachment-large size-large wp-image-414\" alt=\"\" srcset=\"https:\/\/sigmafloripa.com.br\/wp-content\/uploads\/2023\/09\/1.jpg 400w, https:\/\/sigmafloripa.com.br\/wp-content\/uploads\/2023\/09\/1-240x300.jpg 240w\" sizes=\"(max-width: 400px) 100vw, 400px\" \/>\t\t\t\t\t\t\t\t\t\t\t\t\t\t\t<\/div>\n\t\t\t\t<\/div>\n\t\t\t\t\t<\/div>\n\t\t<\/div>\n\t\t\t\t\t<\/div>\n\t\t<\/section>\n\t\t\t\t<section class=\"elementor-section elementor-top-section elementor-element elementor-element-195313c elementor-section-boxed elementor-section-height-default elementor-section-height-default\" data-id=\"195313c\" data-element_type=\"section\" data-e-type=\"section\">\n\t\t\t\t\t\t<div class=\"elementor-container elementor-column-gap-default\">\n\t\t\t\t\t<div class=\"elementor-column elementor-col-100 elementor-top-column elementor-element elementor-element-1ae69ab\" data-id=\"1ae69ab\" data-element_type=\"column\" data-e-type=\"column\">\n\t\t\t<div class=\"elementor-widget-wrap elementor-element-populated\">\n\t\t\t\t\t\t<div class=\"elementor-element elementor-element-199f61f elementor-widget elementor-widget-image\" data-id=\"199f61f\" data-element_type=\"widget\" data-e-type=\"widget\" data-widget_type=\"image.default\">\n\t\t\t\t<div class=\"elementor-widget-container\">\n\t\t\t\t\t\t\t\t\t\t\t\t\t\t\t<img loading=\"lazy\" decoding=\"async\" width=\"768\" height=\"307\" src=\"https:\/\/sigmafloripa.com.br\/wp-content\/uploads\/2023\/09\/Portas-em-ACM-100-Aluminio-1-768x307.png\" class=\"attachment-medium_large size-medium_large wp-image-418\" alt=\"Portas em ACM com 15 anos de garantia\" srcset=\"https:\/\/sigmafloripa.com.br\/wp-content\/uploads\/2023\/09\/Portas-em-ACM-100-Aluminio-1-768x307.png 768w, https:\/\/sigmafloripa.com.br\/wp-content\/uploads\/2023\/09\/Portas-em-ACM-100-Aluminio-1-300x120.png 300w, https:\/\/sigmafloripa.com.br\/wp-content\/uploads\/2023\/09\/Portas-em-ACM-100-Aluminio-1-1024x409.png 1024w, https:\/\/sigmafloripa.com.br\/wp-content\/uploads\/2023\/09\/Portas-em-ACM-100-Aluminio-1.png 1200w\" sizes=\"(max-width: 768px) 100vw, 768px\" \/>\t\t\t\t\t\t\t\t\t\t\t\t\t\t\t<\/div>\n\t\t\t\t<\/div>\n\t\t\t\t\t<\/div>\n\t\t<\/div>\n\t\t\t\t\t<\/div>\n\t\t<\/section>\n\t\t\t\t<section class=\"elementor-section elementor-top-section elementor-element elementor-element-3db3ee2 elementor-section-boxed elementor-section-height-default elementor-section-height-default\" data-id=\"3db3ee2\" data-element_type=\"section\" data-e-type=\"section\">\n\t\t\t\t\t\t<div class=\"elementor-container elementor-column-gap-default\">\n\t\t\t\t\t<div class=\"elementor-column elementor-col-100 elementor-top-column elementor-element elementor-element-110118f\" data-id=\"110118f\" data-element_type=\"column\" data-e-type=\"column\">\n\t\t\t<div class=\"elementor-widget-wrap elementor-element-populated\">\n\t\t\t\t\t\t<div class=\"elementor-element elementor-element-7bec367 elementor-widget elementor-widget-heading\" data-id=\"7bec367\" data-element_type=\"widget\" data-e-type=\"widget\" data-widget_type=\"heading.default\">\n\t\t\t\t<div class=\"elementor-widget-container\">\n\t\t\t\t\t<h2 class=\"elementor-heading-title elementor-size-default\">Quais os principais benef\u00edcios?\n<\/h2>\t\t\t\t<\/div>\n\t\t\t\t<\/div>\n\t\t\t\t\t<\/div>\n\t\t<\/div>\n\t\t\t\t\t<\/div>\n\t\t<\/section>\n\t\t\t\t<section class=\"elementor-section elementor-top-section elementor-element elementor-element-1c1e55f elementor-section-boxed elementor-section-height-default elementor-section-height-default\" data-id=\"1c1e55f\" data-element_type=\"section\" data-e-type=\"section\">\n\t\t\t\t\t\t<div class=\"elementor-container elementor-column-gap-default\">\n\t\t\t\t\t<div class=\"elementor-column elementor-col-100 elementor-top-column elementor-element elementor-element-1861ec4\" data-id=\"1861ec4\" data-element_type=\"column\" data-e-type=\"column\">\n\t\t\t<div class=\"elementor-widget-wrap\">\n\t\t\t\t\t\t\t<\/div>\n\t\t<\/div>\n\t\t\t\t\t<\/div>\n\t\t<\/section>\n\t\t\t\t<section class=\"elementor-section elementor-top-section elementor-element elementor-element-a6d7979 elementor-section-boxed elementor-section-height-default elementor-section-height-default\" data-id=\"a6d7979\" data-element_type=\"section\" data-e-type=\"section\">\n\t\t\t\t\t\t<div class=\"elementor-container elementor-column-gap-default\">\n\t\t\t\t\t<div class=\"elementor-column elementor-col-100 elementor-top-column elementor-element elementor-element-0f7134b\" data-id=\"0f7134b\" data-element_type=\"column\" data-e-type=\"column\">\n\t\t\t<div class=\"elementor-widget-wrap elementor-element-populated\">\n\t\t\t\t\t\t<div class=\"elementor-element elementor-element-6c24c6f elementor-widget elementor-widget-text-editor\" data-id=\"6c24c6f\" data-element_type=\"widget\" data-e-type=\"widget\" data-widget_type=\"text-editor.default\">\n\t\t\t\t<div class=\"elementor-widget-container\">\n\t\t\t\t\t\t\t\t\t<p>\u2022 Estrutura 100% de alum\u00ednio.<\/p><p>\u2022 Revestimento externo 100% em ACM.<\/p><p>\u2022 Garantia da pintura de at\u00e9 15 anos.<\/p><p>\u2022Ampla variedade de cores e texturas<\/p><p>\u2022 Veda\u00e7\u00e3o em todo o per\u00edmetro da porta. (Opcional)<\/p><p>\u2022 Sistema de veda\u00e7\u00e3o autom\u00e1tico inferior e superior. (Opcional)<\/p><p>\u2022 Resistente ao sol e a chuva.<\/p><p>\u2022 Baixa manuten\u00e7\u00e3o.<\/p><p>\u2022 Design moderno.<\/p><p>\u2022 Acess\u00f3rios fabricados em inox 304.<\/p><p>\u2022 Alta tecnologia e durabilidade.<\/p>\t\t\t\t\t\t\t\t<\/div>\n\t\t\t\t<\/div>\n\t\t\t\t\t<\/div>\n\t\t<\/div>\n\t\t\t\t\t<\/div>\n\t\t<\/section>\n\t\t\t\t<\/div>\n\t\t","protected":false},"excerpt":{"rendered":"<p>RECEBA ELOGIOS DESDE A ENTRADA\u2026 Queremos transformar sua entrada em um espet\u00e1culo de eleg\u00e2ncia e durabilidade.&nbsp; As portas pivotantes t\u00eam sido a escolha favorita de clientes exigentes por mais de duas d\u00e9cadas no Brasil.&nbsp; Descubra como podemos tornar o seu projeto ainda mais especial. Quais os principais benef\u00edcios? \u2022 Estrutura 100% de alum\u00ednio. \u2022 Revestimento [&hellip;]<\/p>\n","protected":false},"author":1,"featured_media":0,"parent":0,"menu_order":0,"comment_status":"closed","ping_status":"closed","template":"","meta":{"footnotes":""},"class_list":["post-410","page","type-page","status-publish","hentry"],"blocksy_meta":"","_links":{"self":[{"href":"https:\/\/sigmafloripa.com.br\/index.php\/wp-json\/wp\/v2\/pages\/410","targetHints":{"allow":["GET"]}}],"collection":[{"href":"https:\/\/sigmafloripa.com.br\/index.php\/wp-json\/wp\/v2\/pages"}],"about":[{"href":"https:\/\/sigmafloripa.com.br\/index.php\/wp-json\/wp\/v2\/types\/page"}],"author":[{"embeddable":true,"href":"https:\/\/sigmafloripa.com.br\/index.php\/wp-json\/wp\/v2\/users\/1"}],"replies":[{"embeddable":true,"href":"https:\/\/sigmafloripa.com.br\/index.php\/wp-json\/wp\/v2\/comments?post=410"}],"version-history":[{"count":7,"href":"https:\/\/sigmafloripa.com.br\/index.php\/wp-json\/wp\/v2\/pages\/410\/revisions"}],"predecessor-version":[{"id":424,"href":"https:\/\/sigmafloripa.com.br\/index.php\/wp-json\/wp\/v2\/pages\/410\/revisions\/424"}],"wp:attachment":[{"href":"https:\/\/sigmafloripa.com.br\/index.php\/wp-json\/wp\/v2\/media?parent=410"}],"curies":[{"name":"wp","href":"https:\/\/api.w.org\/{rel}","templated":true}]}}